{"id":11978,"date":"2023-09-29T08:11:29","date_gmt":"2023-09-29T06:11:29","guid":{"rendered":"https:\/\/generalcargo.koeseo.com\/endustri\/"},"modified":"2024-08-19T17:38:43","modified_gmt":"2024-08-19T15:38:43","slug":"endustriler","status":"publish","type":"page","link":"https:\/\/generalcargo.koeseo.com\/tr\/endustriler\/","title":{"rendered":"End\u00fcstri"},"content":{"rendered":"\t\t<div data-elementor-type=\"wp-page\" data-elementor-id=\"11978\" class=\"elementor elementor-11978 elementor-44\" data-elementor-post-type=\"page\">\n\t\t\t\t        <section class=\"elementor-section elementor-top-section elementor-element elementor-element-60ec69b elementor-section-stretched elementor-section-boxed elementor-section-height-default elementor-section-height-default pxl-row-scroll-none pxl-section-overflow-visible pxl-bg-color-none pxl-section-overlay-none\" data-id=\"60ec69b\" data-element_type=\"section\" data-settings=\"{&quot;stretch_section&quot;:&quot;section-stretched&quot;}\">\n\n                \n                <div class=\"elementor-container elementor-column-gap-extended \">\n                <div class=\"elementor-column elementor-col-100 elementor-top-column elementor-element elementor-element-87f1ace pxl-column-none pxl-column-overflow-hidden-no\" data-id=\"87f1ace\" data-element_type=\"column\">\r\n        <div class=\"elementor-widget-wrap elementor-element-populated\">\r\n                     \r\n        \t\t<div class=\"elementor-element elementor-element-d98500f post-layout-portfolio-2 elementor-widget elementor-widget-pxl_post_carousel\" data-id=\"d98500f\" data-element_type=\"widget\" data-widget_type=\"pxl_post_carousel.default\">\n\t\t\t\t<div class=\"elementor-widget-container\">\n\t\t\t    \n            <div class=\"pxl-swiper-sliders pxl-post-carousel pxl-portfolio-carousel pxl-portfolio-carousel2 pxl-portfolio-style1\" data-cursor-drap=\"DRAG\">\n            <div class=\"pxl-carousel-inner\">\n                \n                <div class=\"pxl-swiper-container\" dir=\"ltr\" data-settings=\"{&quot;slide_direction&quot;:&quot;horizontal&quot;,&quot;slide_percolumn&quot;:&quot;1&quot;,&quot;slide_percolumnfill&quot;:&quot;1&quot;,&quot;slide_mode&quot;:&quot;slide&quot;,&quot;slides_to_show&quot;:&quot;4&quot;,&quot;slides_to_show_xxl&quot;:&quot;4&quot;,&quot;slides_to_show_lg&quot;:&quot;4&quot;,&quot;slides_to_show_md&quot;:&quot;3&quot;,&quot;slides_to_show_sm&quot;:&quot;3&quot;,&quot;slides_to_show_xs&quot;:&quot;1&quot;,&quot;slides_to_scroll&quot;:&quot;1&quot;,&quot;slides_gutter&quot;:30,&quot;arrow&quot;:&quot;true&quot;,&quot;pagination&quot;:&quot;false&quot;,&quot;pagination_type&quot;:&quot;bullets&quot;,&quot;autoplay&quot;:&quot;false&quot;,&quot;pause_on_hover&quot;:&quot;true&quot;,&quot;pause_on_interaction&quot;:&quot;true&quot;,&quot;delay&quot;:5000,&quot;loop&quot;:&quot;true&quot;,&quot;speed&quot;:500}\">\n                    <div class=\"pxl-swiper-wrapper\">\n                                                        <div class=\"pxl-swiper-slide pxl--widget-hover\">\n                                                                                                    <div class=\"pxl-item--inner \">\n                                                                        <div class=\"pxl-item--featured\">\n                                        <a href=\"https:\/\/generalcargo.koeseo.com\/tr\/endustri\/makine-ve-ekipman-imalati\/\" title=\"Makine ve Ekipman \u0130malat\u0131\"><img fetchpriority=\"high\" decoding=\"async\" class=\"\" src=\"https:\/\/generalcargo.koeseo.com\/wp-content\/uploads\/2024\/08\/Machinery-and-Equipment-Manufacturing-4-700x886.jpg\" width=\"700\" height=\"886\" alt=\"Machinery and Equipment Manufacturing (4)\" title=\"Machinery and Equipment Manufacturing (4)\" \/><\/a>\n                                    <\/div>\n                                                                <div class=\"pxl-item--holder\">\n                                    <div class=\"pxl-item--category\">\n                                        <a href=\"https:\/\/generalcargo.koeseo.com\/tr\/portfolio-category\/cargo\/\" rel=\"tag\">CARGO<\/a>                                    <\/div>\n                                    <h5 class=\"pxl-item--title\"><a href=\"https:\/\/generalcargo.koeseo.com\/tr\/endustri\/makine-ve-ekipman-imalati\/\">Makine ve Ekipman \u0130malat\u0131<\/a><\/h5>\n                                <\/div>\n                                                                    <div class=\"pxl-item--button \">\n                                        <a href=\"https:\/\/generalcargo.koeseo.com\/tr\/endustri\/makine-ve-ekipman-imalati\/\">\n                                            <svg xmlns=\"http:\/\/www.w3.org\/2000\/svg\" width=\"18\" height=\"18\" viewBox=\"0 0 18 18\" fill=\"none\">\n                                              <path fill-rule=\"evenodd\" clip-rule=\"evenodd\" d=\"M17.9337 14.5703V1.03479L16.9768 0.0778281L3.44122 0.0778275L3.44122 1.99175L14.6649 1.99175L0.535136 16.1215L1.88869 17.4751L16.0198 3.34395L16.0184 14.569L17.9337 14.5703Z\" fill=\"white\"\/>\n                                          <\/svg>\n                                      <\/a>\n                                  <\/div>\n                                                        <\/div>\n                      <\/div>\n                                                                <div class=\"pxl-swiper-slide pxl--widget-hover\">\n                                                                                                    <div class=\"pxl-item--inner \">\n                                                                        <div class=\"pxl-item--featured\">\n                                        <a href=\"https:\/\/generalcargo.koeseo.com\/tr\/endustri\/kozmetik-endustrisi\/\" title=\"Kozmetik End\u00fcstrisi\"><img decoding=\"async\" class=\"\" src=\"https:\/\/generalcargo.koeseo.com\/wp-content\/uploads\/2024\/08\/cosmetic-industry-2-700x886.jpg\" width=\"700\" height=\"886\" alt=\"cosmetic industry (2)\" title=\"cosmetic industry (2)\" \/><\/a>\n                                    <\/div>\n                                                                <div class=\"pxl-item--holder\">\n                                    <div class=\"pxl-item--category\">\n                                        <a href=\"https:\/\/generalcargo.koeseo.com\/tr\/portfolio-category\/cargo\/\" rel=\"tag\">CARGO<\/a>                                    <\/div>\n                                    <h5 class=\"pxl-item--title\"><a href=\"https:\/\/generalcargo.koeseo.com\/tr\/endustri\/kozmetik-endustrisi\/\">Kozmetik End\u00fcstrisi<\/a><\/h5>\n                                <\/div>\n                                                                    <div class=\"pxl-item--button \">\n                                        <a href=\"https:\/\/generalcargo.koeseo.com\/tr\/endustri\/kozmetik-endustrisi\/\">\n                                            <svg xmlns=\"http:\/\/www.w3.org\/2000\/svg\" width=\"18\" height=\"18\" viewBox=\"0 0 18 18\" fill=\"none\">\n                                              <path fill-rule=\"evenodd\" clip-rule=\"evenodd\" d=\"M17.9337 14.5703V1.03479L16.9768 0.0778281L3.44122 0.0778275L3.44122 1.99175L14.6649 1.99175L0.535136 16.1215L1.88869 17.4751L16.0198 3.34395L16.0184 14.569L17.9337 14.5703Z\" fill=\"white\"\/>\n                                          <\/svg>\n                                      <\/a>\n                                  <\/div>\n                                                        <\/div>\n                      <\/div>\n                                                                <div class=\"pxl-swiper-slide pxl--widget-hover\">\n                                                                                                    <div class=\"pxl-item--inner \">\n                                                                        <div class=\"pxl-item--featured\">\n                                        <a href=\"https:\/\/generalcargo.koeseo.com\/tr\/endustri\/kimyasal-ve-tehlikeli\/\" title=\"Kimyasal ve Tehlikeli\"><img decoding=\"async\" class=\"\" src=\"https:\/\/generalcargo.koeseo.com\/wp-content\/uploads\/2024\/08\/hazard-indusutry-1-700x886.jpg\" width=\"700\" height=\"886\" alt=\"hazard indusutry (1)\" title=\"hazard indusutry (1)\" \/><\/a>\n                                    <\/div>\n                                                                <div class=\"pxl-item--holder\">\n                                    <div class=\"pxl-item--category\">\n                                        <a href=\"https:\/\/generalcargo.koeseo.com\/tr\/portfolio-category\/cargo\/\" rel=\"tag\">CARGO<\/a>                                    <\/div>\n                                    <h5 class=\"pxl-item--title\"><a href=\"https:\/\/generalcargo.koeseo.com\/tr\/endustri\/kimyasal-ve-tehlikeli\/\">Kimyasal ve Tehlikeli<\/a><\/h5>\n                                <\/div>\n                                                                    <div class=\"pxl-item--button \">\n                                        <a href=\"https:\/\/generalcargo.koeseo.com\/tr\/endustri\/kimyasal-ve-tehlikeli\/\">\n                                            <svg xmlns=\"http:\/\/www.w3.org\/2000\/svg\" width=\"18\" height=\"18\" viewBox=\"0 0 18 18\" fill=\"none\">\n                                              <path fill-rule=\"evenodd\" clip-rule=\"evenodd\" d=\"M17.9337 14.5703V1.03479L16.9768 0.0778281L3.44122 0.0778275L3.44122 1.99175L14.6649 1.99175L0.535136 16.1215L1.88869 17.4751L16.0198 3.34395L16.0184 14.569L17.9337 14.5703Z\" fill=\"white\"\/>\n                                          <\/svg>\n                                      <\/a>\n                                  <\/div>\n                                                        <\/div>\n                      <\/div>\n                                                                <div class=\"pxl-swiper-slide pxl--widget-hover\">\n                                                                                                    <div class=\"pxl-item--inner \">\n                                                                        <div class=\"pxl-item--featured\">\n                                        <a href=\"https:\/\/generalcargo.koeseo.com\/tr\/endustri\/otomotiv\/\" title=\"Otomotiv\"><img loading=\"lazy\" decoding=\"async\" class=\"\" src=\"https:\/\/generalcargo.koeseo.com\/wp-content\/uploads\/2024\/08\/Automotive-1-700x886.jpg\" width=\"700\" height=\"886\" alt=\"Automotive (1)\" title=\"Automotive (1)\" \/><\/a>\n                                    <\/div>\n                                                                <div class=\"pxl-item--holder\">\n                                    <div class=\"pxl-item--category\">\n                                        <a href=\"https:\/\/generalcargo.koeseo.com\/tr\/portfolio-category\/cargo\/\" rel=\"tag\">CARGO<\/a>                                    <\/div>\n                                    <h5 class=\"pxl-item--title\"><a href=\"https:\/\/generalcargo.koeseo.com\/tr\/endustri\/otomotiv\/\">Otomotiv<\/a><\/h5>\n                                <\/div>\n                                                                    <div class=\"pxl-item--button \">\n                                        <a href=\"https:\/\/generalcargo.koeseo.com\/tr\/endustri\/otomotiv\/\">\n                                            <svg xmlns=\"http:\/\/www.w3.org\/2000\/svg\" width=\"18\" height=\"18\" viewBox=\"0 0 18 18\" fill=\"none\">\n                                              <path fill-rule=\"evenodd\" clip-rule=\"evenodd\" d=\"M17.9337 14.5703V1.03479L16.9768 0.0778281L3.44122 0.0778275L3.44122 1.99175L14.6649 1.99175L0.535136 16.1215L1.88869 17.4751L16.0198 3.34395L16.0184 14.569L17.9337 14.5703Z\" fill=\"white\"\/>\n                                          <\/svg>\n                                      <\/a>\n                                  <\/div>\n                                                        <\/div>\n                      <\/div>\n                                                                <div class=\"pxl-swiper-slide pxl--widget-hover\">\n                                                                                                    <div class=\"pxl-item--inner \">\n                                                                        <div class=\"pxl-item--featured\">\n                                        <a href=\"https:\/\/generalcargo.koeseo.com\/tr\/endustri\/yuksek-teknoloji-ve-elektronik\/\" title=\"Y\u00fcksek Teknoloji ve Elektronik\"><img loading=\"lazy\" decoding=\"async\" class=\"\" src=\"https:\/\/generalcargo.koeseo.com\/wp-content\/uploads\/2024\/08\/High-Tech-and-Electronics-1-700x886.jpg\" width=\"700\" height=\"886\" alt=\"High-Tech and Electronics (1)\" title=\"High-Tech and Electronics (1)\" \/><\/a>\n                                    <\/div>\n                                                                <div class=\"pxl-item--holder\">\n                                    <div class=\"pxl-item--category\">\n                                        <a href=\"https:\/\/generalcargo.koeseo.com\/tr\/portfolio-category\/cargo\/\" rel=\"tag\">CARGO<\/a>                                    <\/div>\n                                    <h5 class=\"pxl-item--title\"><a href=\"https:\/\/generalcargo.koeseo.com\/tr\/endustri\/yuksek-teknoloji-ve-elektronik\/\">Y\u00fcksek Teknoloji ve Elektronik<\/a><\/h5>\n                                <\/div>\n                                                                    <div class=\"pxl-item--button \">\n                                        <a href=\"https:\/\/generalcargo.koeseo.com\/tr\/endustri\/yuksek-teknoloji-ve-elektronik\/\">\n                                            <svg xmlns=\"http:\/\/www.w3.org\/2000\/svg\" width=\"18\" height=\"18\" viewBox=\"0 0 18 18\" fill=\"none\">\n                                              <path fill-rule=\"evenodd\" clip-rule=\"evenodd\" d=\"M17.9337 14.5703V1.03479L16.9768 0.0778281L3.44122 0.0778275L3.44122 1.99175L14.6649 1.99175L0.535136 16.1215L1.88869 17.4751L16.0198 3.34395L16.0184 14.569L17.9337 14.5703Z\" fill=\"white\"\/>\n                                          <\/svg>\n                                      <\/a>\n                                  <\/div>\n                                                        <\/div>\n                      <\/div>\n                                                                <div class=\"pxl-swiper-slide pxl--widget-hover\">\n                                                                                                    <div class=\"pxl-item--inner \">\n                                                                        <div class=\"pxl-item--featured\">\n                                        <a href=\"https:\/\/generalcargo.koeseo.com\/tr\/endustri\/kirilgan-endustri\/\" title=\"K\u0131r\u0131lgan End\u00fcstri\"><img loading=\"lazy\" decoding=\"async\" class=\"\" src=\"https:\/\/generalcargo.koeseo.com\/wp-content\/uploads\/2024\/08\/fragile-industry-2-700x886.jpg\" width=\"700\" height=\"886\" alt=\"fragile industry (2)\" title=\"fragile industry (2)\" \/><\/a>\n                                    <\/div>\n                                                                <div class=\"pxl-item--holder\">\n                                    <div class=\"pxl-item--category\">\n                                        <a href=\"https:\/\/generalcargo.koeseo.com\/tr\/portfolio-category\/cargo\/\" rel=\"tag\">CARGO<\/a>                                    <\/div>\n                                    <h5 class=\"pxl-item--title\"><a href=\"https:\/\/generalcargo.koeseo.com\/tr\/endustri\/kirilgan-endustri\/\">K\u0131r\u0131lgan End\u00fcstri<\/a><\/h5>\n                                <\/div>\n                                                                    <div class=\"pxl-item--button \">\n                                        <a href=\"https:\/\/generalcargo.koeseo.com\/tr\/endustri\/kirilgan-endustri\/\">\n                                            <svg xmlns=\"http:\/\/www.w3.org\/2000\/svg\" width=\"18\" height=\"18\" viewBox=\"0 0 18 18\" fill=\"none\">\n                                              <path fill-rule=\"evenodd\" clip-rule=\"evenodd\" d=\"M17.9337 14.5703V1.03479L16.9768 0.0778281L3.44122 0.0778275L3.44122 1.99175L14.6649 1.99175L0.535136 16.1215L1.88869 17.4751L16.0198 3.34395L16.0184 14.569L17.9337 14.5703Z\" fill=\"white\"\/>\n                                          <\/svg>\n                                      <\/a>\n                                  <\/div>\n                                                        <\/div>\n                      <\/div>\n                                                                <div class=\"pxl-swiper-slide pxl--widget-hover\">\n                                                                                                    <div class=\"pxl-item--inner \">\n                                                                        <div class=\"pxl-item--featured\">\n                                        <a href=\"https:\/\/generalcargo.koeseo.com\/tr\/endustri\/tekstil-ve-moda\/\" title=\"Tekstil ve Moda\"><img loading=\"lazy\" decoding=\"async\" class=\"\" src=\"https:\/\/generalcargo.koeseo.com\/wp-content\/uploads\/2024\/08\/Textile-and-Fashion-4-700x886.jpg\" width=\"700\" height=\"886\" alt=\"Textile and Fashion (4)\" title=\"Textile and Fashion (4)\" \/><\/a>\n                                    <\/div>\n                                                                <div class=\"pxl-item--holder\">\n                                    <div class=\"pxl-item--category\">\n                                        <a href=\"https:\/\/generalcargo.koeseo.com\/tr\/portfolio-category\/cargo\/\" rel=\"tag\">CARGO<\/a>                                    <\/div>\n                                    <h5 class=\"pxl-item--title\"><a href=\"https:\/\/generalcargo.koeseo.com\/tr\/endustri\/tekstil-ve-moda\/\">Tekstil ve Moda<\/a><\/h5>\n                                <\/div>\n                                                                    <div class=\"pxl-item--button \">\n                                        <a href=\"https:\/\/generalcargo.koeseo.com\/tr\/endustri\/tekstil-ve-moda\/\">\n                                            <svg xmlns=\"http:\/\/www.w3.org\/2000\/svg\" width=\"18\" height=\"18\" viewBox=\"0 0 18 18\" fill=\"none\">\n                                              <path fill-rule=\"evenodd\" clip-rule=\"evenodd\" d=\"M17.9337 14.5703V1.03479L16.9768 0.0778281L3.44122 0.0778275L3.44122 1.99175L14.6649 1.99175L0.535136 16.1215L1.88869 17.4751L16.0198 3.34395L16.0184 14.569L17.9337 14.5703Z\" fill=\"white\"\/>\n                                          <\/svg>\n                                      <\/a>\n                                  <\/div>\n                                                        <\/div>\n                      <\/div>\n                                          <\/div> \n      <\/div>\n                  <div class=\"pxl-swiper-arrow-wrap style-4\">\n                <div class=\"pxl-swiper-arrow pxl-swiper-arrow-prev\">\n                    <svg xmlns=\"http:\/\/www.w3.org\/2000\/svg\" width=\"11\" height=\"18\" viewBox=\"0 0 11 18\" fill=\"none\">\n  <path d=\"M9.61523 0.922852L1.53831 8.99977L9.61523 16.4998\" stroke=\"#505D7B\" stroke-width=\"1.5\"\/>\n<\/svg>\n              <\/div>\n              <div class=\"pxl-swiper-arrow pxl-swiper-arrow-next\">\n                <svg xmlns=\"http:\/\/www.w3.org\/2000\/svg\" width=\"11\" height=\"18\" viewBox=\"0 0 11 18\" fill=\"none\">\n  <path d=\"M1.38477 0.922852L9.46169 8.99977L1.38477 16.4998\" stroke=\"#505D7B\" stroke-width=\"1.5\"\/>\n<\/svg>\n          <\/div>\n      <\/div>\n      \n<\/div>\n \t\t<\/div>\n\t\t\t\t<\/div>\n\t\t            <\/div>\r\n        <\/div>\r\n        \t\t\t<\/div>\n\t\t<\/section>\n\t\t\t\t<\/div>\n\t\t","protected":false},"excerpt":{"rendered":"<p>CARGO Cosmetics Industry (DUPLICATE) CARGO Cosmetics Industry CARGO Chemical &#038; Hazardous CARGO Automotive CARGO Textile and Fashion CARGO High-Tech and Electronics CARGO Fragile Industry CARGO Machinery and Equipment Manufacturing<\/p>\n","protected":false},"author":1,"featured_media":0,"parent":0,"menu_order":0,"comment_status":"closed","ping_status":"closed","template":"","meta":{"rank_math_lock_modified_date":false,"footnotes":""},"class_list":["post-11978","page","type-page","status-publish","hentry"],"_links":{"self":[{"href":"https:\/\/generalcargo.koeseo.com\/tr\/wp-json\/wp\/v2\/pages\/11978","targetHints":{"allow":["GET"]}}],"collection":[{"href":"https:\/\/generalcargo.koeseo.com\/tr\/wp-json\/wp\/v2\/pages"}],"about":[{"href":"https:\/\/generalcargo.koeseo.com\/tr\/wp-json\/wp\/v2\/types\/page"}],"author":[{"embeddable":true,"href":"https:\/\/generalcargo.koeseo.com\/tr\/wp-json\/wp\/v2\/users\/1"}],"replies":[{"embeddable":true,"href":"https:\/\/generalcargo.koeseo.com\/tr\/wp-json\/wp\/v2\/comments?post=11978"}],"version-history":[{"count":10,"href":"https:\/\/generalcargo.koeseo.com\/tr\/wp-json\/wp\/v2\/pages\/11978\/revisions"}],"predecessor-version":[{"id":12669,"href":"https:\/\/generalcargo.koeseo.com\/tr\/wp-json\/wp\/v2\/pages\/11978\/revisions\/12669"}],"wp:attachment":[{"href":"https:\/\/generalcargo.koeseo.com\/tr\/wp-json\/wp\/v2\/media?parent=11978"}],"curies":[{"name":"wp","href":"https:\/\/api.w.org\/{rel}","templated":true}]}}