{"id":12828,"date":"2024-08-20T16:12:02","date_gmt":"2024-08-20T14:12:02","guid":{"rendered":"https:\/\/generalcargo.koeseo.com\/kulup\/"},"modified":"2024-08-20T16:34:09","modified_gmt":"2024-08-20T14:34:09","slug":"kulup","status":"publish","type":"page","link":"https:\/\/generalcargo.koeseo.com\/tr\/kulup\/","title":{"rendered":"Kargo Kul\u00fcb\u00fc"},"content":{"rendered":"\t\t<div data-elementor-type=\"wp-page\" data-elementor-id=\"12828\" class=\"elementor elementor-12828 elementor-12826\" data-elementor-post-type=\"page\">\n\t\t\t\t        <section class=\"elementor-section elementor-top-section elementor-element elementor-element-2190fd5 elementor-section-stretched elementor-section-boxed elementor-section-height-default elementor-section-height-default pxl-row-scroll-none pxl-section-overflow-visible pxl-bg-color-none pxl-section-overlay-none\" data-id=\"2190fd5\" data-element_type=\"section\" data-settings=\"{&quot;stretch_section&quot;:&quot;section-stretched&quot;,&quot;background_background&quot;:&quot;classic&quot;}\">\n\n                \n                <div class=\"elementor-container elementor-column-gap-extended \">\n                <div class=\"elementor-column elementor-col-50 elementor-top-column elementor-element elementor-element-1f4a315 pxl-column-none pxl-column-overflow-hidden-no\" data-id=\"1f4a315\" data-element_type=\"column\">\r\n        <div class=\"elementor-widget-wrap elementor-element-populated\">\r\n                     \r\n        \t\t<div class=\"elementor-element elementor-element-769b203 elementor-widget elementor-widget-pxl_heading\" data-id=\"769b203\" data-element_type=\"widget\" data-widget_type=\"pxl_heading.default\">\n\t\t\t\t<div class=\"elementor-widget-container\">\n\t\t\t<div id=\"pxl-pxl_heading-769b203-8882\" class=\"pxl-heading pxl-heading--tcustom px-sub-title-box-style\">\n\t<div class=\"pxl-heading--inner\">\n\t\t\t\t\n\t\t<div class=\"pxl-item--subtitle px-sub-title-box \" data-wow-delay=\"ms\">\n\t\t\t<span class=\"pxl-item--subtext\">\n\t\t\t\t\t\t\t\tKargo Kul\u00fcb\u00fc\t\t\t<\/span>\n\t\t<\/div>\n\t\t\n\t<h3 class=\"pxl-item--title \" data-wow-delay=\"ms\">\n\tCargo Club \u00fcyeli\u011fi ve puan kullan\u0131m\u0131\t\t\t\n\t<\/h3>\n\t\n<\/div>\n<\/div>\t\t<\/div>\n\t\t\t\t<\/div>\n\t\t\t\t<div class=\"elementor-element elementor-element-2bb6170 elementor-widget elementor-widget-pxl_text_editor\" data-id=\"2bb6170\" data-element_type=\"widget\" data-widget_type=\"pxl_text_editor.default\">\n\t\t\t\t<div class=\"elementor-widget-container\">\n\t\t\t<div class=\"pxl-text-editor\">\n\t<div class=\"pxl-item--inner \" data-wow-delay=\"ms\">\n\t\t<p>Cargo Club ayr\u0131cal\u0131\u011f\u0131n\u0131 ka\u00e7\u0131rmay\u0131n.<\/p>\n<p>M\u00fc\u015fteri sadakatiniz bizim i\u00e7in \u00e7ok k\u0131ymetli bir de\u011fer.<br \/>\nBu do\u011frultuda kazanaca\u011f\u0131n\u0131z Kargo Puanlar ile birbirinden g\u00fczel hediyeler sizleri bekliyor.<br \/>\nGeneral Cargo, lojisti\u011fin her alan\u0131nda hizmetinizde olmaktan gurur duyar.  <\/p>\n<p>Te\u015fekk\u00fcr ederim.<\/p>\n\t\t\n\t<\/div>\n<\/div>\t\t<\/div>\n\t\t\t\t<\/div>\n\t\t\t\t<div class=\"elementor-element elementor-element-99e351e elementor-widget elementor-widget-n-accordion\" data-id=\"99e351e\" data-element_type=\"widget\" data-settings=\"{&quot;default_state&quot;:&quot;all_collapsed&quot;,&quot;max_items_expended&quot;:&quot;one&quot;,&quot;n_accordion_animation_duration&quot;:{&quot;unit&quot;:&quot;ms&quot;,&quot;size&quot;:400,&quot;sizes&quot;:[]}}\" data-widget_type=\"nested-accordion.default\">\n\t\t\t\t<div class=\"elementor-widget-container\">\n\t\t\t\t\t<div class=\"e-n-accordion\" aria-label=\"Accordion. Open links with Enter or Space, close with Escape, and navigate with Arrow Keys\">\n\t\t\t\t\t\t<details id=\"e-n-accordion-item-1610\" class=\"e-n-accordion-item\" >\n\t\t\t\t<summary class=\"e-n-accordion-item-title\" data-accordion-index=\"1\" tabindex=\"0\" aria-expanded=\"false\" aria-controls=\"e-n-accordion-item-1610\" >\n\t\t\t\t\t<span class='e-n-accordion-item-title-header'><div class=\"e-n-accordion-item-title-text\"> Cargo Club h\u00fck\u00fcm ve ko\u015fullar\u0131 <\/div><\/span>\n\t\t\t\t\t\t\t<span class='e-n-accordion-item-title-icon'>\n\t\t\t<span class='e-opened' ><i aria-hidden=\"true\" class=\"fas fa-minus\"><\/i><\/span>\n\t\t\t<span class='e-closed'><i aria-hidden=\"true\" class=\"fas fa-plus\"><\/i><\/span>\n\t\t<\/span>\n\n\t\t\t\t\t\t<\/summary>\n\t\t\t\t<div role=\"region\" aria-labelledby=\"e-n-accordion-item-1610\" class=\"elementor-element elementor-element-796d94a e-con-full e-flex e-con e-child\" data-id=\"796d94a\" data-element_type=\"container\">\n\t\t\t\t<div class=\"elementor-element elementor-element-243860e elementor-widget elementor-widget-pxl_text_editor\" data-id=\"243860e\" data-element_type=\"widget\" data-widget_type=\"pxl_text_editor.default\">\n\t\t\t\t<div class=\"elementor-widget-container\">\n\t\t\t<div class=\"pxl-text-editor\">\n\t<div class=\"pxl-item--inner \" data-wow-delay=\"ms\">\n\t\t<ol style=\"font-weight: 400\">\n<li>\n<p>\u00dcyelik ba\u015fvurunuz Genel Kargo &#8211; m\u00fc\u015fteri ili\u015fkileri y\u00f6netimi taraf\u0131ndan onaylanm\u0131\u015ft\u0131r.<\/p>\n<\/li>\n<li>\n<p>\u00dcyeli\u011fin devam\u0131 m\u00fc\u015fteri sadakati do\u011frultusunda g\u00fcncellenir<\/p>\n<\/li>\n<li>\n<p>M\u00fc\u015fteri sadakati g\u00fcncellemesi \u00fc\u00e7 ayda bir yap\u0131l\u0131r<\/p>\n<\/li>\n<li>\n<p>Puan ve hediyelerle ilgili t\u00fcm s\u00fcre\u00e7ler \u00fcye sayfas\u0131ndan \u015fifre ile takip edilir<\/p>\n<\/li>\n<li>\n<p>\u00dcye \u015fifresi \u00fc\u00e7\u00fcnc\u00fc \u015fah\u0131slarla payla\u015f\u0131lamaz, Genel Kargo \u015fifre g\u00fcvenli\u011finden sorumlu tutulamaz<\/p>\n<\/li>\n<li>\n<p>Olas\u0131 ticari sorun durumunda \u00fcyelik iptal edilir<\/p>\n<\/li>\n<\/ol>\n\t\t\n\t<\/div>\n<\/div>\t\t<\/div>\n\t\t\t\t<\/div>\n\t\t\t\t<\/div>\n\t\t\t\t\t<\/details>\n\t\t\t\t\t<\/div>\n\t\t\t\t<\/div>\n\t\t\t\t<\/div>\n\t\t            <\/div>\r\n        <\/div>\r\n                <div class=\"elementor-column elementor-col-50 elementor-top-column elementor-element elementor-element-58a31ae pxl-column-none pxl-column-overflow-hidden-no\" data-id=\"58a31ae\" data-element_type=\"column\">\r\n        <div class=\"elementor-widget-wrap elementor-element-populated\">\r\n                     \r\n        \t\t<div class=\"elementor-element elementor-element-9711b79 elementor-widget__width-initial elementor-widget-tablet__width-inherit elementor-widget elementor-widget-pxl_contact_form\" data-id=\"9711b79\" data-element_type=\"widget\" data-widget_type=\"pxl_contact_form.default\">\n\t\t\t\t<div class=\"elementor-widget-container\">\n\t\t\t    <div class=\"pxl-contact-form pxl-contact-form1 btn-w-auto \" data-wow-delay=\"ms\">\r\n        \n<div class=\"wpcf7 no-js\" id=\"wpcf7-f12825-o1\" lang=\"tr-TR\" dir=\"ltr\">\n<div class=\"screen-reader-response\"><p role=\"status\" aria-live=\"polite\" aria-atomic=\"true\"><\/p> <ul><\/ul><\/div>\n<form action=\"\/tr\/wp-json\/wp\/v2\/pages\/12828#wpcf7-f12825-o1\" method=\"post\" class=\"wpcf7-form init\" aria-label=\"\u0130leti\u015fim Formu\" novalidate=\"novalidate\" data-status=\"init\">\n<div style=\"display: none;\">\n<input type=\"hidden\" name=\"_wpcf7\" value=\"12825\" \/>\n<input type=\"hidden\" name=\"_wpcf7_version\" value=\"5.9.8\" \/>\n<input type=\"hidden\" name=\"_wpcf7_locale\" value=\"tr_TR\" \/>\n<input type=\"hidden\" name=\"_wpcf7_unit_tag\" value=\"wpcf7-f12825-o1\" \/>\n<input type=\"hidden\" name=\"_wpcf7_container_post\" value=\"0\" \/>\n<input type=\"hidden\" name=\"_wpcf7_posted_data_hash\" value=\"\" \/>\n<\/div>\n<div class=\"uacf7-form-12825\"><div class=\"wrap-ctf-home1 wrap-form\">\n\t<div class=\"containter\">\n\t\t<div class=\"row\">\n\t\t\t<div class=\"input-filled label-text col-xl-12\">\n\t\t\t\t<h2>Kul\u00fcp \u00fcyesi kay\u0131t talebi<\/h2>\n\t\t\t<\/div>\n\t\t\t<div class=\"input-filled col-xl-12\">\n\t\t\t\t<label>Ki\u015fisel Bilgiler<\/label><span class=\"wpcf7-form-control-wrap your-name\"><span class=\"wpcf7-form-control-wrap\" data-name=\"names\"><input size=\"40\" maxlength=\"400\" class=\"wpcf7-form-control wpcf7-text wpcf7-validates-as-required\" aria-required=\"true\" aria-invalid=\"false\" placeholder=\"\u0130sim\" value=\"\" type=\"text\" name=\"names\" \/><\/span><\/span>\n\t\t\t<\/div>\n\t\t\t<div class=\"input-filled col-xl-12\">\n\t\t\t\t<label>\u015eirket Ad\u0131<\/label><span class=\"wpcf7-form-control-wrap your-companyname\"><span class=\"wpcf7-form-control-wrap\" data-name=\"names\"><input size=\"40\" maxlength=\"400\" class=\"wpcf7-form-control wpcf7-text wpcf7-validates-as-required\" aria-required=\"true\" aria-invalid=\"false\" placeholder=\"\u015eirket Ad\u0131\" value=\"\" type=\"text\" name=\"names\" \/><\/span><\/span>\n\t\t\t<\/div>     \n\t\t\t<div class=\"input-filled col-xl-6 col-lg-6 col-md-6 col-sm-6 col-xs-6\">\n\t\t\t\t<span class=\"wpcf7-form-control-wrap your-email\">\n\t\t\t\t\t<span class=\"wpcf7-form-control-wrap\" data-name=\"email\"><input size=\"40\" maxlength=\"400\" class=\"wpcf7-form-control wpcf7-email wpcf7-validates-as-required wpcf7-text wpcf7-validates-as-email\" aria-required=\"true\" aria-invalid=\"false\" placeholder=\"E-posta\" value=\"\" type=\"email\" name=\"email\" \/><\/span>\n\t\t\t\t<\/span>\n\t\t\t<\/div>   \n\t\t\t<div class=\"input-filled col-xl-6 col-lg-6 col-md-6 col-sm-6 col-xs-6\">\n\t\t\t\t<span class=\"wpcf7-form-control-wrap your-phone\">\n\t\t\t\t\t<span class=\"wpcf7-form-control-wrap\" data-name=\"phone\"><input class=\"wpcf7-form-control wpcf7-number wpcf7-validates-as-required wpcf7-validates-as-number\" aria-required=\"true\" aria-invalid=\"false\" placeholder=\"Telefon\" value=\"\" type=\"number\" name=\"phone\" \/><\/span>\n\t\t\t\t<\/span>\n\t\t\t<\/div> \n\t\t\t<div class=\"input-filled col-xl-12\">  G\u00f6nderim yaparak Cargo Club h\u00fck\u00fcm ve ko\u015fullar\u0131m\u0131z\u0131 kabul etmi\u015f olursunuz  <\/div>\n\n\t\t\t<div class=\"input-filled col-xl-12\"> \n\t\t\t\t<button type=\"submit\" class=\"wpcf7-submit wpcf7-btn-abs\">  \u0130stek g\u00f6nder  <i class=\"far fa-check\"><\/i><\/button>\n\t\t\t<\/div>\n\n\t\t<\/div>\n\t<\/div>\n<\/div><\/div><div class=\"wpcf7-response-output\" aria-hidden=\"true\"><\/div>\n<\/form>\n<\/div>\n    <\/div>\r\n\t\t<\/div>\n\t\t\t\t<\/div>\n\t\t\t\t<div class=\"elementor-element elementor-element-ce11040 elementor-widget__width-auto elementor-absolute elementor-widget elementor-widget-pxl_image\" data-id=\"ce11040\" data-element_type=\"widget\" data-settings=\"{&quot;_position&quot;:&quot;absolute&quot;}\" data-widget_type=\"pxl_image.default\">\n\t\t\t\t<div class=\"elementor-widget-container\">\n\t\t\t<div id=\"pxl_image-ce11040-7437\" class=\"pxl-image-single slide-right-to-left style-default \" data-wow-delay=\"ms\" >\r\n    <div class=\"pxl-item--inner \" data-wow-delay=\"120ms\">\r\n        \r\n                                <div class=\"pxl-item--image\" data-parallax-value=\"\">\r\n                                                    <img decoding=\"async\" width=\"105\" height=\"93\" src=\"https:\/\/generalcargo.koeseo.com\/wp-content\/uploads\/2024\/08\/Zeichenflaeche-4.svg\" class=\"no-lazyload attachment-full\" alt=\"\" \/>                                            <\/div>\r\n                            \r\n            <\/div>\r\n<\/div>\t\t<\/div>\n\t\t\t\t<\/div>\n\t\t            <\/div>\r\n        <\/div>\r\n        \t\t\t<\/div>\n\t\t<\/section>\n\t\t\t\t<\/div>\n\t\t","protected":false},"excerpt":{"rendered":"<p>Kargo Kul\u00fcb\u00fc Cargo Club \u00fcyeli\u011fi ve puan kullan\u0131m\u0131 Cargo Club ayr\u0131cal\u0131\u011f\u0131n\u0131 ka\u00e7\u0131rmay\u0131n. M\u00fc\u015fteri sadakatiniz bizim i\u00e7in \u00e7ok k\u0131ymetli bir de\u011fer. Bu do\u011frultuda kazanaca\u011f\u0131n\u0131z Kargo Puanlar ile birbirinden g\u00fczel hediyeler sizleri bekliyor. General Cargo, lojisti\u011fin her alan\u0131nda hizmetinizde olmaktan gurur duyar. Te\u015fekk\u00fcr ederim. Cargo Club h\u00fck\u00fcm ve ko\u015fullar\u0131 \u00dcyelik ba\u015fvurunuz Genel Kargo &#8211; m\u00fc\u015fteri ili\u015fkileri y\u00f6netimi [&hellip;]<\/p>\n","protected":false},"author":1,"featured_media":0,"parent":0,"menu_order":0,"comment_status":"closed","ping_status":"closed","template":"","meta":{"rank_math_lock_modified_date":false,"footnotes":""},"class_list":["post-12828","page","type-page","status-publish","hentry"],"_links":{"self":[{"href":"https:\/\/generalcargo.koeseo.com\/tr\/wp-json\/wp\/v2\/pages\/12828","targetHints":{"allow":["GET"]}}],"collection":[{"href":"https:\/\/generalcargo.koeseo.com\/tr\/wp-json\/wp\/v2\/pages"}],"about":[{"href":"https:\/\/generalcargo.koeseo.com\/tr\/wp-json\/wp\/v2\/types\/page"}],"author":[{"embeddable":true,"href":"https:\/\/generalcargo.koeseo.com\/tr\/wp-json\/wp\/v2\/users\/1"}],"replies":[{"embeddable":true,"href":"https:\/\/generalcargo.koeseo.com\/tr\/wp-json\/wp\/v2\/comments?post=12828"}],"version-history":[{"count":6,"href":"https:\/\/generalcargo.koeseo.com\/tr\/wp-json\/wp\/v2\/pages\/12828\/revisions"}],"predecessor-version":[{"id":12865,"href":"https:\/\/generalcargo.koeseo.com\/tr\/wp-json\/wp\/v2\/pages\/12828\/revisions\/12865"}],"wp:attachment":[{"href":"https:\/\/generalcargo.koeseo.com\/tr\/wp-json\/wp\/v2\/media?parent=12828"}],"curies":[{"name":"wp","href":"https:\/\/api.w.org\/{rel}","templated":true}]}}