{"id":12879,"date":"2024-08-20T16:56:37","date_gmt":"2024-08-20T14:56:37","guid":{"rendered":"https:\/\/generalcargo.koeseo.com\/kunye\/"},"modified":"2024-08-20T16:59:23","modified_gmt":"2024-08-20T14:59:23","slug":"kunye","status":"publish","type":"page","link":"https:\/\/generalcargo.koeseo.com\/tr\/kunye\/","title":{"rendered":"K\u00fcnye"},"content":{"rendered":"<p class=\"has-black-color has-text-color has-link-color wp-elements-cb9c91f936930394e055f196a4f6d2e4\"><strong>\u00dcNVAN<\/strong><\/p><p class=\"has-black-color has-text-color has-link-color wp-elements-d1dca589b9a0bc51a0d33df80cc279c4\">GENERAL KARGO ULUSLARARASI NAKLI\u0307YAT LTD.\n\u015eT\u0130 <\/p><p class=\"has-black-color has-text-color has-link-color wp-elements-5294aa3de53a63f9864c979ceab398f4\"><strong>ADRES<\/strong><\/p><p class=\"has-black-color has-text-color has-link-color wp-elements-7e20cb4fcff110ad40bb633733b92047\">BARI\u015e MAH.\nBELED\u0130YE CAD.\nNO: 30\/59  <\/p><p class=\"has-black-color has-text-color has-link-color wp-elements-b6dea83383f9b3a5171677e0cea32931\"><strong>POSTA KODU<\/strong><\/p><p class=\"has-black-color has-text-color has-link-color wp-elements-491bb2ff40bdbc9511f0e8e9f7c6e897\">34520<\/p><p class=\"has-black-color has-text-color has-link-color wp-elements-3f6977cde1da3903e1ec7f3be8fb2c78\"><strong>\u0130L\u00c7E<\/strong><\/p><p class=\"has-black-color has-text-color has-link-color wp-elements-061d68d8211a4d897def4cbacd1501f9\">BEYL\u0130KD\u00dcZ\u00dc<\/p><p class=\"has-black-color has-text-color has-link-color wp-elements-82eb6b53c6d127a53dc467569b03091b\"><strong>IL<\/strong><\/p><p class=\"has-black-color has-text-color has-link-color wp-elements-65476df16d10c8062fb4a5fb555b99ea\">\u0130STANBUL<\/p><p class=\"has-black-color has-text-color has-link-color wp-elements-00c2f51aae5b879d22b9b95df31ffcbd\"><strong>\u00dcLKE<\/strong><\/p><p class=\"has-black-color has-text-color has-link-color wp-elements-a990f6771ce351764d45f6f2f2b05c17\">T\u00dcRK\u0130YE<\/p><p class=\"has-black-color has-text-color has-link-color wp-elements-7b61731d92096db10d094f3499e6c1ed\"><strong>VERG\u0130 DA\u0130RES\u0130<\/strong><\/p><p class=\"has-black-color has-text-color has-link-color wp-elements-061d68d8211a4d897def4cbacd1501f9\">BEYL\u0130KD\u00dcZ\u00dc<\/p><p class=\"has-black-color has-text-color has-link-color wp-elements-81624b6e00ae4152570a23993052d0e8\"><strong>VERG\u0130 NR<\/strong><\/p><p class=\"has-black-color has-text-color has-link-color wp-elements-2fbba43e97159f766f7b31c87e20f752\">3940309332<\/p>","protected":false},"excerpt":{"rendered":"<p>\u00dcNVAN GENERAL KARGO ULUSLARARASI NAKLI\u0307YAT LTD. \u015eT\u0130 ADRES BARI\u015e MAH. BELED\u0130YE CAD. NO: 30\/59 POSTA KODU 34520 \u0130L\u00c7E BEYL\u0130KD\u00dcZ\u00dc IL \u0130STANBUL \u00dcLKE T\u00dcRK\u0130YE VERG\u0130 DA\u0130RES\u0130 BEYL\u0130KD\u00dcZ\u00dc VERG\u0130 NR 3940309332<\/p>\n","protected":false},"author":1,"featured_media":0,"parent":0,"menu_order":0,"comment_status":"closed","ping_status":"closed","template":"","meta":{"rank_math_lock_modified_date":false,"footnotes":""},"class_list":["post-12879","page","type-page","status-publish","hentry"],"_links":{"self":[{"href":"https:\/\/generalcargo.koeseo.com\/tr\/wp-json\/wp\/v2\/pages\/12879","targetHints":{"allow":["GET"]}}],"collection":[{"href":"https:\/\/generalcargo.koeseo.com\/tr\/wp-json\/wp\/v2\/pages"}],"about":[{"href":"https:\/\/generalcargo.koeseo.com\/tr\/wp-json\/wp\/v2\/types\/page"}],"author":[{"embeddable":true,"href":"https:\/\/generalcargo.koeseo.com\/tr\/wp-json\/wp\/v2\/users\/1"}],"replies":[{"embeddable":true,"href":"https:\/\/generalcargo.koeseo.com\/tr\/wp-json\/wp\/v2\/comments?post=12879"}],"version-history":[{"count":5,"href":"https:\/\/generalcargo.koeseo.com\/tr\/wp-json\/wp\/v2\/pages\/12879\/revisions"}],"predecessor-version":[{"id":12886,"href":"https:\/\/generalcargo.koeseo.com\/tr\/wp-json\/wp\/v2\/pages\/12879\/revisions\/12886"}],"wp:attachment":[{"href":"https:\/\/generalcargo.koeseo.com\/tr\/wp-json\/wp\/v2\/media?parent=12879"}],"curies":[{"name":"wp","href":"https:\/\/api.w.org\/{rel}","templated":true}]}}