{"id":13523,"date":"2024-09-23T17:16:24","date_gmt":"2024-09-23T15:16:24","guid":{"rendered":"https:\/\/generalcargo.koeseo.com\/?page_id=13523"},"modified":"2024-09-24T14:05:01","modified_gmt":"2024-09-24T12:05:01","slug":"kariyeriniz","status":"publish","type":"page","link":"https:\/\/generalcargo.koeseo.com\/tr\/kariyeriniz\/","title":{"rendered":"GENERAL LOGISTIC \u0130LE LOJ\u0130ST\u0130K KAR\u0130YER\u0130N\u0130Z\u0130 Y\u00dcKSELT\u0130N"},"content":{"rendered":"\t\t<div data-elementor-type=\"wp-page\" data-elementor-id=\"13523\" class=\"elementor elementor-13523\" data-elementor-post-type=\"page\">\n\t\t\t\t        <section class=\"elementor-section elementor-top-section elementor-element elementor-element-f0ba96d elementor-section-stretched pxl-row-scroll-fixed elementor-section-boxed elementor-section-height-default elementor-section-height-default pxl-section-overflow-visible pxl-bg-color-none pxl-section-overlay-none\" data-id=\"f0ba96d\" data-element_type=\"section\" data-settings=\"{&quot;stretch_section&quot;:&quot;section-stretched&quot;}\">\n\n                \n                <div class=\"elementor-container elementor-column-gap-extended \">\n                <div class=\"elementor-column elementor-col-50 elementor-top-column elementor-element elementor-element-836888e pxl-column-none pxl-column-overflow-hidden-no\" data-id=\"836888e\" data-element_type=\"column\">\r\n        <div class=\"elementor-widget-wrap elementor-element-populated\">\r\n                     \r\n        \t\t<div class=\"elementor-element elementor-element-23a490a elementor-widget elementor-widget-pxl_image\" data-id=\"23a490a\" data-element_type=\"widget\" data-widget_type=\"pxl_image.default\">\n\t\t\t\t<div class=\"elementor-widget-container\">\n\t\t\t<div id=\"pxl_image-23a490a-5754\" class=\"pxl-image-single  style-default \" data-wow-delay=\"ms\" >\r\n    <div class=\"pxl-item--inner \" data-wow-delay=\"120ms\">\r\n        \r\n                                <div class=\"pxl-item--image\" data-parallax-value=\"\">\r\n                                                    <img fetchpriority=\"high\" decoding=\"async\" width=\"1024\" height=\"768\" src=\"https:\/\/generalcargo.koeseo.com\/wp-content\/uploads\/2024\/09\/Dein-Abschnittstext.jpg\" class=\"no-lazyload attachment-full\" alt=\"\" \/>                                            <\/div>\r\n                            \r\n            <\/div>\r\n<\/div>\t\t<\/div>\n\t\t\t\t<\/div>\n\t\t\t\t<div class=\"elementor-element elementor-element-4d78ffd elementor-widget elementor-widget-pxl_text_editor\" data-id=\"4d78ffd\" data-element_type=\"widget\" data-widget_type=\"pxl_text_editor.default\">\n\t\t\t\t<div class=\"elementor-widget-container\">\n\t\t\t<div class=\"pxl-text-editor\">\n\t<div class=\"pxl-item--inner \" data-wow-delay=\"ms\">\n\t\t<p>Lojistik uzmanl\u0131\u011f\u0131n\u0131z\u0131 bir \u00fcst seviyeye ta\u015f\u0131maya haz\u0131r m\u0131s\u0131n\u0131z? GENERAL LOGISTIC, global ta\u015f\u0131mac\u0131l\u0131\u011f\u0131n gelece\u011fini \u015fekillendirmek i\u00e7in dinamik ekibimize kat\u0131lacak h\u0131rsl\u0131 profesyoneller ar\u0131yor.<\/p>\t\t\n\t<\/div>\n<\/div>\t\t<\/div>\n\t\t\t\t<\/div>\n\t\t        <section class=\"elementor-section elementor-inner-section elementor-element elementor-element-198ac6e elementor-section-boxed elementor-section-height-default elementor-section-height-default pxl-row-scroll-none pxl-section-overflow-visible pxl-bg-color-none pxl-section-overlay-none\" data-id=\"198ac6e\" data-element_type=\"section\">\n\n                \n                <div class=\"elementor-container elementor-column-gap-extended \">\n                <div class=\"elementor-column elementor-col-100 elementor-inner-column elementor-element elementor-element-4615702 pxl-column-none pxl-column-overflow-hidden-no\" data-id=\"4615702\" data-element_type=\"column\">\r\n        <div class=\"elementor-widget-wrap elementor-element-populated\">\r\n                     \r\n        \t\t<div class=\"elementor-element elementor-element-b18e8fd elementor-widget__width-inherit elementor-widget-mobile__width-inherit elementor-widget-tablet__width-inherit elementor-widget elementor-widget-pxl_process\" data-id=\"b18e8fd\" data-element_type=\"widget\" data-widget_type=\"pxl_process.default\">\n\t\t\t\t<div class=\"elementor-widget-container\">\n\t\t\t<div class=\"pxl-process pxl-process1  style-2\" data-wow-delay=\"ms\">\r\n    <div class=\"pxl-item--inner\">\r\n                    <div class=\"pxl-item--step\">\r\n                1            <\/div>\r\n                <div class=\"content-right\">\r\n        \t<h5 class=\"pxl-item--title el-empty\">Sunduklar\u0131m\u0131z: <\/h5>\r\n        <div class=\"pxl-item--description el-empty\"><ul>\n\t<li>\u00c7e\u015fitli F\u0131rsatlar: Kara, hava, deniz, g\u00fcmr\u00fck ve sigorta birimlerinde heyecan verici roller\n<\/li>\n\t<li>Kariyer Geli\u015fimi: Motivasyonu y\u00fcksek bireyler i\u00e7in hem operasyonel hem de y\u00f6netici pozisyonlar\u0131<\/li>\n\t<li>Sekt\u00f6r Liderli\u011fi: H\u0131zla geli\u015fen bir sekt\u00f6rde en \u00fcst d\u00fczeyde katk\u0131 sa\u011flama \u015fans\u0131<\/li>\n\t<li>Marka Tan\u0131n\u0131rl\u0131\u011f\u0131: Sayg\u0131n GENERAL LOGISTIC markas\u0131yla kariyerinizi in\u015fa edin<\/li>\n<\/ul><\/div>\r\n        <\/div>\r\n    <\/div>\r\n<\/div>\t\t<\/div>\n\t\t\t\t<\/div>\n\t\t\t\t<div class=\"elementor-element elementor-element-dce3665 elementor-widget__width-inherit elementor-widget-mobile__width-inherit elementor-widget-tablet__width-inherit elementor-widget elementor-widget-pxl_process\" data-id=\"dce3665\" data-element_type=\"widget\" data-widget_type=\"pxl_process.default\">\n\t\t\t\t<div class=\"elementor-widget-container\">\n\t\t\t<div class=\"pxl-process pxl-process1  style-2\" data-wow-delay=\"ms\">\r\n    <div class=\"pxl-item--inner\">\r\n                    <div class=\"pxl-item--step\">\r\n                2            <\/div>\r\n                <div class=\"content-right\">\r\n        \t<h5 class=\"pxl-item--title el-empty\">Arad\u0131\u011f\u0131m\u0131z \u00d6zellikler:<\/h5>\r\n        <div class=\"pxl-item--description el-empty\"><ul>\n\t<li>Kariyerlerinde ilerlemeye istekli, tutkulu lojistik profesyonelleri\n\n<\/li>\n\t<li>Alanlar\u0131nda \u00fcst d\u00fczey katk\u0131 sa\u011flayabilecek yenilik\u00e7i d\u00fc\u015f\u00fcn\u00fcrler\n<\/li>\n\t<li>Ta\u015f\u0131mac\u0131l\u0131k ve tedarik zincirindeki global zorluklarla ba\u015fa \u00e7\u0131kmaya haz\u0131r tak\u0131m oyuncular\u0131\n<\/li>\n\t<li>M\u00fckemmelli\u011fe ve s\u00fcrekli geli\u015fime kendini adam\u0131\u015f bireyler\n<\/li>\n<\/ul><\/div>\r\n        <\/div>\r\n    <\/div>\r\n<\/div>\t\t<\/div>\n\t\t\t\t<\/div>\n\t\t\t\t<div class=\"elementor-element elementor-element-aecc458 elementor-widget__width-inherit elementor-widget-mobile__width-inherit elementor-widget-tablet__width-inherit elementor-widget elementor-widget-pxl_process\" data-id=\"aecc458\" data-element_type=\"widget\" data-widget_type=\"pxl_process.default\">\n\t\t\t\t<div class=\"elementor-widget-container\">\n\t\t\t<div class=\"pxl-process pxl-process1  style-2\" data-wow-delay=\"ms\">\r\n    <div class=\"pxl-item--inner\">\r\n                    <div class=\"pxl-item--step\">\r\n                3            <\/div>\r\n                <div class=\"content-right\">\r\n        \t<h5 class=\"pxl-item--title el-empty\">Mevcut Pozisyonlar:<\/h5>\r\n        <div class=\"pxl-item--description el-empty\"><ul>\n  <li><b>Kara - hava - deniz - g\u00fcmr\u00fck ve sigorta birimlerimizde<\/b>\n<\/li>\n  <li><b>Operasyon, sat\u0131\u015f - pazarlama ve y\u00f6netici pozisyonlar\n<\/li><\/b>\n \n<\/ul><\/div>\r\n        <\/div>\r\n    <\/div>\r\n<\/div>\t\t<\/div>\n\t\t\t\t<\/div>\n\t\t\t\t<div class=\"elementor-element elementor-element-8c7211f elementor-widget elementor-widget-pxl_text_editor\" data-id=\"8c7211f\" data-element_type=\"widget\" data-widget_type=\"pxl_text_editor.default\">\n\t\t\t\t<div class=\"elementor-widget-container\">\n\t\t\t<div class=\"pxl-text-editor\">\n\t<div class=\"pxl-item--inner \" data-wow-delay=\"ms\">\n\t\t<p>Kariyerinizde bu heyecan verici ad\u0131m\u0131 atmaya haz\u0131rsan\u0131z ve GENERAL LOGISTIC&#8217;te \u00f6nemli bir etki yarataca\u011f\u0131n\u0131za inan\u0131yorsan\u0131z, sizden haber almak istiyoruz!<\/p>\t\t\n\t<\/div>\n<\/div>\t\t<\/div>\n\t\t\t\t<\/div>\n\t\t\t\t<div class=\"elementor-element elementor-element-88ca575 elementor-widget elementor-widget-pxl_text_editor\" data-id=\"88ca575\" data-element_type=\"widget\" data-widget_type=\"pxl_text_editor.default\">\n\t\t\t\t<div class=\"elementor-widget-container\">\n\t\t\t<div class=\"pxl-text-editor\">\n\t<div class=\"pxl-item--inner \" data-wow-delay=\"ms\">\n\t\t<blockquote><p>Nas\u0131l Ba\u015fvurabilirsiniz:<br \/>CV&#8217;nizi ve neden ekibimiz i\u00e7in m\u00fckemmel bir aday oldu\u011funuzu a\u00e7\u0131klayan k\u0131sa bir \u00f6n yaz\u0131y\u0131 \u015fu adrese g\u00f6nderin:<br \/><a href=\"mailto:kariyer@generalcargo.com.tr\" target=\"_blank\" rel=\"noopener\">kariyer@generalcargo.com.tr<\/a><\/p><\/blockquote>\t\t\n\t<\/div>\n<\/div>\t\t<\/div>\n\t\t\t\t<\/div>\n\t\t\t\t<div class=\"elementor-element elementor-element-7382e2e elementor-widget elementor-widget-pxl_text_editor\" data-id=\"7382e2e\" data-element_type=\"widget\" data-widget_type=\"pxl_text_editor.default\">\n\t\t\t\t<div class=\"elementor-widget-container\">\n\t\t\t<div class=\"pxl-text-editor\">\n\t<div class=\"pxl-item--inner \" data-wow-delay=\"ms\">\n\t\t<p>Global lojisti\u011fin gelece\u011fini \u015fekillendirmede bize kat\u0131l\u0131n. Profesyonel m\u00fckemmelli\u011fe giden yolculu\u011funuz burada ba\u015fl\u0131yor!<\/p><p>GENERAL LOGISTIC &#8211; Kariyerler Burada Havalan\u0131r, Yelken A\u00e7ar ve Ba\u015far\u0131ya Giden Yola \u00c7\u0131kar!<\/p>\t\t\n\t<\/div>\n<\/div>\t\t<\/div>\n\t\t\t\t<\/div>\n\t\t            <\/div>\r\n        <\/div>\r\n        \t\t\t<\/div>\n\t\t<\/section>\n\t\t            <\/div>\r\n        <\/div>\r\n                <div class=\"elementor-column elementor-col-50 elementor-top-column elementor-element elementor-element-a21520b pxl-column-none\" data-id=\"a21520b\" data-element_type=\"column\">\r\n        <div class=\"elementor-widget-wrap elementor-element-populated\">\r\n                     \r\n        \t\t<div class=\"elementor-element elementor-element-32e8efc elementor-widget__width-inherit elementor-widget elementor-widget-pxl_icon_box\" data-id=\"32e8efc\" data-element_type=\"widget\" data-widget_type=\"pxl_icon_box.default\">\n\t\t\t\t<div class=\"elementor-widget-container\">\n\t\t\t<div class=\"pxl-icon-box pxl-icon-box2 \" data-wow-delay=\"ms\">\r\n    <div class=\"pxl-item--inner\">\r\n                    <div class=\"pxl-item--icon\">\r\n                <i aria-hidden=\"true\" class=\"flaticon flaticon-phone-3\"><\/i>            <\/div>\r\n                        <div class=\"content-right\">\r\n            <div class=\"pxl-item--description el-empty\">BIZI ISTEDI\u011eINIZ ZAMAN ARAYIN<\/div>\r\n                            <h5 class=\"pxl-item-title el-empty\">\r\n                <a href=\"tel:+902128714100\">+90 (212) 871 41 00<\/a>\r\n                <\/h5>\r\n                    <\/div>\r\n    <\/div>\r\n<\/div>\t\t<\/div>\n\t\t\t\t<\/div>\n\t\t\t\t<div class=\"elementor-element elementor-element-ccf176b elementor-widget__width-inherit elementor-widget elementor-widget-pxl_icon_box\" data-id=\"ccf176b\" data-element_type=\"widget\" data-widget_type=\"pxl_icon_box.default\">\n\t\t\t\t<div class=\"elementor-widget-container\">\n\t\t\t<div class=\"pxl-icon-box pxl-icon-box2 \" data-wow-delay=\"ms\">\r\n    <div class=\"pxl-item--inner\">\r\n                    <div class=\"pxl-item--icon\">\r\n                <i aria-hidden=\"true\" class=\"flaticon flaticon-envelop\"><\/i>            <\/div>\r\n                        <div class=\"content-right\">\r\n            <div class=\"pxl-item--description el-empty\"><\/div>\r\n                            <h5 class=\"pxl-item-title el-empty\">\r\n                <a href=\"mailto:kariyer@generalcargo.com.tr\">kariyer@generalcargo.com.tr<\/a>\r\n                <\/h5>\r\n                    <\/div>\r\n    <\/div>\r\n<\/div>\t\t<\/div>\n\t\t\t\t<\/div>\n\t\t            <\/div>\r\n        <\/div>\r\n        \t\t\t<\/div>\n\t\t<\/section>\n\t\t\t\t<\/div>\n\t\t","protected":false},"excerpt":{"rendered":"<p>Lojistik uzmanl\u0131\u011f\u0131n\u0131z\u0131 bir \u00fcst seviyeye ta\u015f\u0131maya haz\u0131r m\u0131s\u0131n\u0131z? GENERAL LOGISTIC, global ta\u015f\u0131mac\u0131l\u0131\u011f\u0131n gelece\u011fini \u015fekillendirmek i\u00e7in dinamik ekibimize kat\u0131lacak h\u0131rsl\u0131 profesyoneller ar\u0131yor. 1 Sunduklar\u0131m\u0131z: \u00c7e\u015fitli F\u0131rsatlar: Kara, hava, deniz, g\u00fcmr\u00fck ve sigorta birimlerinde heyecan verici roller Kariyer Geli\u015fimi: Motivasyonu y\u00fcksek bireyler i\u00e7in hem operasyonel hem de y\u00f6netici pozisyonlar\u0131 Sekt\u00f6r Liderli\u011fi: H\u0131zla geli\u015fen bir sekt\u00f6rde en \u00fcst [&hellip;]<\/p>\n","protected":false},"author":1,"featured_media":13485,"parent":0,"menu_order":0,"comment_status":"closed","ping_status":"closed","template":"","meta":{"rank_math_lock_modified_date":false,"footnotes":""},"class_list":["post-13523","page","type-page","status-publish","has-post-thumbnail","hentry"],"_links":{"self":[{"href":"https:\/\/generalcargo.koeseo.com\/tr\/wp-json\/wp\/v2\/pages\/13523","targetHints":{"allow":["GET"]}}],"collection":[{"href":"https:\/\/generalcargo.koeseo.com\/tr\/wp-json\/wp\/v2\/pages"}],"about":[{"href":"https:\/\/generalcargo.koeseo.com\/tr\/wp-json\/wp\/v2\/types\/page"}],"author":[{"embeddable":true,"href":"https:\/\/generalcargo.koeseo.com\/tr\/wp-json\/wp\/v2\/users\/1"}],"replies":[{"embeddable":true,"href":"https:\/\/generalcargo.koeseo.com\/tr\/wp-json\/wp\/v2\/comments?post=13523"}],"version-history":[{"count":5,"href":"https:\/\/generalcargo.koeseo.com\/tr\/wp-json\/wp\/v2\/pages\/13523\/revisions"}],"predecessor-version":[{"id":13533,"href":"https:\/\/generalcargo.koeseo.com\/tr\/wp-json\/wp\/v2\/pages\/13523\/revisions\/13533"}],"wp:featuredmedia":[{"embeddable":true,"href":"https:\/\/generalcargo.koeseo.com\/tr\/wp-json\/wp\/v2\/media\/13485"}],"wp:attachment":[{"href":"https:\/\/generalcargo.koeseo.com\/tr\/wp-json\/wp\/v2\/media?parent=13523"}],"curies":[{"name":"wp","href":"https:\/\/api.w.org\/{rel}","templated":true}]}}